{"id":55,"date":"2019-10-07T12:34:02","date_gmt":"2019-10-07T12:34:02","guid":{"rendered":"http:\/\/tanjas-shop.de\/?page_id=55"},"modified":"2020-11-05T08:44:03","modified_gmt":"2020-11-05T08:44:03","slug":"impressum","status":"publish","type":"page","link":"https:\/\/tanjas-shop.de\/?page_id=55","title":{"rendered":"Impressum"},"content":{"rendered":"\n<p><strong>Impressum\/Shopbetreiber\/Inhaber <\/strong><br>tanjas-shop.de und tanjas.shop<br>Inhaberin: Hinrichs GmbH, Elisabeth Anna Hinrichs<br>Ansprechpartnerin f\u00fcr den Shop: Tanja Hinrichs<br>Werftstra\u00dfe 47-49<br>56626 Andernach<br>Deutschland\/Germany<br>Telefon: 02632 \u2013 9255-0<br>Fax: 02632 \u2013 9255-15<br>Email: <a rel=\"noreferrer noopener\" href=\"mailto:info@tanjas-shop.de\" target=\"_blank\">info@tanjas-shop.de<\/a><br>Internet: www.tanjas-shop.de und www.tanjas.shop<br><strong>Rechtliche Angaben<\/strong><br>Vertretungsberechtigt: Elisabeth Anna Hinrichs<br>USt.ID.nr. gem\u00e4\u00df \u00a7 27 a Umsatzsteuergesetz: DE 811 318 937<br>Registergericht: Amtsgericht Koblenz Registernummer: HRB 10684<\/p>\n\n\n\n<p><strong>Schutzrechtsverletzung:<\/strong> <br>Falls Sie vermuten, da\u00df  von dieser Website aus eines Ihrer Schutzrechte  verletzt wird, teilen  Sie uns das bitte umgehend per elektronischer Post oder telefonisch mit,  damit kurzfristig Abhilfe geschaffen werden kann. <br>Eine Schutzverletzung ist keinesfalls beabsichtigt und wird bei berechtigtem Hinweis unverz\u00fcglich beseitigt. <br><strong>Bitte nehmen Sie zur Kenntnis:<\/strong> <br>Die zeitaufwendigere und Kosten verursachende Einschaltung eines  Anwaltes zum Zwecke einer Abmahnung, entspricht nicht unserem wirklichem  oder mutma\u00dflichem Willen und erscheint angesichts unserer vorstehend  erkl\u00e4rten Bereitschaft unn\u00f6tig.<\/p>\n\n\n\n<p> <strong>ONLINE-STREITBEREINIGUNG (OS)<\/strong><br><br>Die Europ\u00e4ische Kommission stellt eine Plattform zur Online-Streitbeilegung (OS) bereit.<br>Die Plattform finden Sie unter <a rel=\"noreferrer noopener\" target=\"_blank\" href=\"http:\/\/ec.europa.eu\/consumers\/odr\/\">http:\/\/ec.europa.eu\/consumers\/odr\/<\/a><br>Unsere E-Mailadresse ist <a rel=\"noreferrer noopener\" href=\"mailto:info@tanjas-shop.de\" target=\"_blank\">info@tanjas-shop.de<\/a><\/p>\n","protected":false},"excerpt":{"rendered":"<p>Impressum\/Shopbetreiber\/Inhaber tanjas-shop.de und tanjas.shopInhaberin: Hinrichs GmbH, Elisabeth Anna HinrichsAnsprechpartnerin f\u00fcr den Shop: Tanja HinrichsWerftstra\u00dfe 47-4956626 AndernachDeutschland\/GermanyTelefon: 02632 \u2013 9255-0Fax: 02632 \u2013 9255-15Email: info@tanjas-shop.deInternet: www.tanjas-shop.de und www.tanjas.shopRechtliche AngabenVertretungsberechtigt: Elisabeth Anna HinrichsUSt.ID.nr. gem\u00e4\u00df \u00a7 27 a Umsatzsteuergesetz: DE 811 318 937Registergericht: Amtsgericht Koblenz Registernummer: HRB 10684 Schutzrechtsverletzung: Falls Sie vermuten, da\u00df von dieser Website aus eines Ihrer [&hellip;]<\/p>\n","protected":false},"author":1,"featured_media":0,"parent":0,"menu_order":0,"comment_status":"closed","ping_status":"closed","template":"","meta":[],"_links":{"self":[{"href":"https:\/\/tanjas-shop.de\/index.php?rest_route=\/wp\/v2\/pages\/55"}],"collection":[{"href":"https:\/\/tanjas-shop.de\/index.php?rest_route=\/wp\/v2\/pages"}],"about":[{"href":"https:\/\/tanjas-shop.de\/index.php?rest_route=\/wp\/v2\/types\/page"}],"author":[{"embeddable":true,"href":"https:\/\/tanjas-shop.de\/index.php?rest_route=\/wp\/v2\/users\/1"}],"replies":[{"embeddable":true,"href":"https:\/\/tanjas-shop.de\/index.php?rest_route=%2Fwp%2Fv2%2Fcomments&post=55"}],"version-history":[{"count":6,"href":"https:\/\/tanjas-shop.de\/index.php?rest_route=\/wp\/v2\/pages\/55\/revisions"}],"predecessor-version":[{"id":926,"href":"https:\/\/tanjas-shop.de\/index.php?rest_route=\/wp\/v2\/pages\/55\/revisions\/926"}],"wp:attachment":[{"href":"https:\/\/tanjas-shop.de\/index.php?rest_route=%2Fwp%2Fv2%2Fmedia&parent=55"}],"curies":[{"name":"wp","href":"https:\/\/api.w.org\/{rel}","templated":true}]}}