{"id":2,"date":"2016-05-10T03:48:21","date_gmt":"2016-05-10T03:48:21","guid":{"rendered":"http:\/\/tanjas-shop.de\/?page_id=2"},"modified":"2020-10-20T08:14:07","modified_gmt":"2020-10-20T08:14:07","slug":"sample-page","status":"publish","type":"page","link":"https:\/\/tanjas-shop.de\/","title":{"rendered":"Willkommen in Tanja\u00b4s Shop"},"content":{"rendered":"\n<p class=\"has-text-align-center\" style=\"font-size:28px\"><strong>Willkommen in Tanja\u00b4s Shop<\/strong><\/p>\n\n\n<div id=\"custom-text\">\n<div style=\"text-align: center;\"><\/div>\n<\/div>\n<div>\u00a0<\/div>\n<div><hr \/>\n<p>\u00a0<\/p>\n<p><a href=\"http:\/\/tanjas-shop.de\/wp-content\/uploads\/2020\/10\/PlatzhalterSS.png\"><img loading=\"lazy\" class=\"aligncenter size-medium wp-image-736\" src=\"http:\/\/tanjas-shop.de\/wp-content\/uploads\/2020\/10\/PlatzhalterSS-300x300.png\" alt=\"\" width=\"300\" height=\"300\" srcset=\"https:\/\/tanjas-shop.de\/wp-content\/uploads\/2020\/10\/PlatzhalterSS-300x300.png 300w, https:\/\/tanjas-shop.de\/wp-content\/uploads\/2020\/10\/PlatzhalterSS-150x150.png 150w, https:\/\/tanjas-shop.de\/wp-content\/uploads\/2020\/10\/PlatzhalterSS-100x100.png 100w, https:\/\/tanjas-shop.de\/wp-content\/uploads\/2020\/10\/PlatzhalterSS.png 480w\" sizes=\"(max-width: 300px) 100vw, 300px\" \/><\/a><\/p>\n<p style=\"text-align: center;\">Es freut uns, dass Sie sich f\u00fcr unsere Produkte interessieren. Sollten Sie diesbez\u00fcglich Fragen oder zu den Abl\u00e4ufen haben, stehen wir Ihnen gerne telefonisch unter 0 26 32-92 55-0 zur Verf\u00fcgung. Genauso gerne beantworten wir auch Anfragen per Mail<br \/>unter <a href=\"mailto:info@tanjas-shop.de\" target=\"_blank\" rel=\"noopener noreferrer\">info@tanjas-shop.de<\/a> oder Fax 0 26 32-92 55-15.<\/p>\n<\/div>\n<div id=\"custom-text\">\n<p style=\"text-align: center;\"><em><strong>ICH W\u00dcNSCHE VIEL SPASS BEIM ST\u00d6BERN UND SHOPPEN!<\/strong><\/em><\/p>\n<\/div>","protected":false},"excerpt":{"rendered":"<p>Willkommen in Tanja\u00b4s Shop \u00a0 \u00a0 Es freut uns, dass Sie sich f\u00fcr unsere Produkte interessieren. Sollten Sie diesbez\u00fcglich Fragen oder zu den Abl\u00e4ufen haben, stehen wir Ihnen gerne telefonisch unter 0 26 32-92 55-0 zur Verf\u00fcgung. Genauso gerne beantworten wir auch Anfragen per Mailunter info@tanjas-shop.de oder Fax 0 26 32-92 55-15. ICH W\u00dcNSCHE VIEL [&hellip;]<\/p>\n","protected":false},"author":1,"featured_media":0,"parent":0,"menu_order":0,"comment_status":"closed","ping_status":"open","template":"","meta":[],"_links":{"self":[{"href":"https:\/\/tanjas-shop.de\/index.php?rest_route=\/wp\/v2\/pages\/2"}],"collection":[{"href":"https:\/\/tanjas-shop.de\/index.php?rest_route=\/wp\/v2\/pages"}],"about":[{"href":"https:\/\/tanjas-shop.de\/index.php?rest_route=\/wp\/v2\/types\/page"}],"author":[{"embeddable":true,"href":"https:\/\/tanjas-shop.de\/index.php?rest_route=\/wp\/v2\/users\/1"}],"replies":[{"embeddable":true,"href":"https:\/\/tanjas-shop.de\/index.php?rest_route=%2Fwp%2Fv2%2Fcomments&post=2"}],"version-history":[{"count":25,"href":"https:\/\/tanjas-shop.de\/index.php?rest_route=\/wp\/v2\/pages\/2\/revisions"}],"predecessor-version":[{"id":747,"href":"https:\/\/tanjas-shop.de\/index.php?rest_route=\/wp\/v2\/pages\/2\/revisions\/747"}],"wp:attachment":[{"href":"https:\/\/tanjas-shop.de\/index.php?rest_route=%2Fwp%2Fv2%2Fmedia&parent=2"}],"curies":[{"name":"wp","href":"https:\/\/api.w.org\/{rel}","templated":true}]}}