{"id":919,"date":"2020-10-29T13:30:02","date_gmt":"2020-10-29T13:30:02","guid":{"rendered":"http:\/\/tanjas-shop.de\/?post_type=product&#038;p=919"},"modified":"2020-11-10T09:55:10","modified_gmt":"2020-11-10T09:55:10","slug":"pulli-lang-damen-orange-einheitsgroesse-02","status":"publish","type":"product","link":"http:\/\/tanjas-shop.de\/?product=pulli-lang-damen-orange-einheitsgroesse-02","title":{"rendered":"Pulli lang Damen orange Einheitsgr\u00f6\u00dfe"},"content":{"rendered":"<h5 class=\"prd_details__headline\" style=\"text-align: left;\">Details<\/h5>\n<div class=\"prd_moreBox js_prd_moreBox prd_moreBox--hasMore\" data-scrollto=\".js_prd_details\">\n<div class=\"js_prd_moreBox__contentWrapper prd_moreBox__contentWrapper prd_moreBox__contentWrapper--largeGradient\">\n<div class=\"prd_moreBox__content js_prd_moreBox__content\" lang=\"de\"><\/div>\n<\/div>\n<\/div>\n","protected":false},"excerpt":{"rendered":"<div class=\"prd_module prd_module--noLine prd_detailShortInfo\">\n<h2 class=\"prd_detailShortInfo__headline\">Artikelbeschreibung<\/h2>\n<p>Pulli lang &#8211; Oversized<\/p>\n<p>Farbe Orange<\/p>\n<p>Einheitsgr\u00f6\u00dfe bis Gr\u00f6sse 44 tragbar<\/p>\n<\/div>\n","protected":false},"featured_media":895,"template":"","meta":[],"product_cat":[154],"product_tag":[156,193,187,188,175],"_links":{"self":[{"href":"http:\/\/tanjas-shop.de\/index.php?rest_route=\/wp\/v2\/product\/919"}],"collection":[{"href":"http:\/\/tanjas-shop.de\/index.php?rest_route=\/wp\/v2\/product"}],"about":[{"href":"http:\/\/tanjas-shop.de\/index.php?rest_route=\/wp\/v2\/types\/product"}],"wp:featuredmedia":[{"embeddable":true,"href":"http:\/\/tanjas-shop.de\/index.php?rest_route=\/wp\/v2\/media\/895"}],"wp:attachment":[{"href":"http:\/\/tanjas-shop.de\/index.php?rest_route=%2Fwp%2Fv2%2Fmedia&parent=919"}],"wp:term":[{"taxonomy":"product_cat","embeddable":true,"href":"http:\/\/tanjas-shop.de\/index.php?rest_route=%2Fwp%2Fv2%2Fproduct_cat&post=919"},{"taxonomy":"product_tag","embeddable":true,"href":"http:\/\/tanjas-shop.de\/index.php?rest_route=%2Fwp%2Fv2%2Fproduct_tag&post=919"}],"curies":[{"name":"wp","href":"https:\/\/api.w.org\/{rel}","templated":true}]}}