{"id":916,"date":"2020-10-29T13:26:20","date_gmt":"2020-10-29T13:26:20","guid":{"rendered":"http:\/\/tanjas-shop.de\/?post_type=product&#038;p=916"},"modified":"2020-11-10T10:03:24","modified_gmt":"2020-11-10T10:03:24","slug":"mantel-damen-schwarz-einheitsgroesse-02","status":"publish","type":"product","link":"http:\/\/tanjas-shop.de\/?product=mantel-damen-schwarz-einheitsgroesse-02","title":{"rendered":"Mantel Damen schwarz Einheitsgr\u00f6\u00dfe"},"content":{"rendered":"<h5 class=\"prd_details__headline\" style=\"text-align: left;\">Details<\/h5>\n<div class=\"prd_moreBox js_prd_moreBox prd_moreBox--hasMore\" data-scrollto=\".js_prd_details\">\n<div class=\"js_prd_moreBox__contentWrapper prd_moreBox__contentWrapper prd_moreBox__contentWrapper--largeGradient\">\n<div class=\"prd_moreBox__content js_prd_moreBox__content\" lang=\"de\"><\/div>\n<\/div>\n<\/div>\n","protected":false},"excerpt":{"rendered":"<div class=\"prd_module prd_module--noLine prd_detailShortInfo\">\n<h2 class=\"prd_detailShortInfo__headline\">Artikelbeschreibung<\/h2>\n<\/div>\n<div id=\"description\" class=\"prd_module prd_module--noLine prd_module--largeGap prd_description js_prd_description\">\n<div class=\"prd_moreBox js_prd_moreBox\" data-scrollto=\"#articleNr\">\n<div class=\"js_prd_moreBox__contentWrapper prd_moreBox__contentWrapper prd_moreBox__contentWrapper--largeGradient\">\n<div class=\"prd_moreBox__content js_prd_moreBox__content\">Sch\u00f6ner Webpelzmantel<\/div>\n<div>Einheitsgr\u00f6\u00dfe &#8211; tragbar bis Gr\u00f6\u00dfe 46<\/div>\n<div>Farbe Schwarz<\/div>\n<\/div>\n<\/div>\n<\/div>\n","protected":false},"featured_media":892,"template":"","meta":[],"product_cat":[154],"product_tag":[156,189,191,177],"_links":{"self":[{"href":"http:\/\/tanjas-shop.de\/index.php?rest_route=\/wp\/v2\/product\/916"}],"collection":[{"href":"http:\/\/tanjas-shop.de\/index.php?rest_route=\/wp\/v2\/product"}],"about":[{"href":"http:\/\/tanjas-shop.de\/index.php?rest_route=\/wp\/v2\/types\/product"}],"wp:featuredmedia":[{"embeddable":true,"href":"http:\/\/tanjas-shop.de\/index.php?rest_route=\/wp\/v2\/media\/892"}],"wp:attachment":[{"href":"http:\/\/tanjas-shop.de\/index.php?rest_route=%2Fwp%2Fv2%2Fmedia&parent=916"}],"wp:term":[{"taxonomy":"product_cat","embeddable":true,"href":"http:\/\/tanjas-shop.de\/index.php?rest_route=%2Fwp%2Fv2%2Fproduct_cat&post=916"},{"taxonomy":"product_tag","embeddable":true,"href":"http:\/\/tanjas-shop.de\/index.php?rest_route=%2Fwp%2Fv2%2Fproduct_tag&post=916"}],"curies":[{"name":"wp","href":"https:\/\/api.w.org\/{rel}","templated":true}]}}