{"id":910,"date":"2020-10-29T13:20:15","date_gmt":"2020-10-29T13:20:15","guid":{"rendered":"http:\/\/tanjas-shop.de\/?post_type=product&#038;p=910"},"modified":"2020-11-18T14:20:55","modified_gmt":"2020-11-18T14:20:55","slug":"strickjacke-lang-damen-schwarz-einheitsgroesse-03","status":"publish","type":"product","link":"http:\/\/tanjas-shop.de\/?product=strickjacke-lang-damen-schwarz-einheitsgroesse-03","title":{"rendered":"Strickjacke lang Damen schwarz"},"content":{"rendered":"<h5 class=\"prd_details__headline\" style=\"text-align: left;\">Details<\/h5>\n<div class=\"prd_moreBox js_prd_moreBox prd_moreBox--hasMore\" data-scrollto=\".js_prd_details\">\n<div class=\"js_prd_moreBox__contentWrapper prd_moreBox__contentWrapper prd_moreBox__contentWrapper--largeGradient\">\n<div class=\"prd_moreBox__content js_prd_moreBox__content\" lang=\"de\"><\/div>\n<\/div>\n<\/div>\n","protected":false},"excerpt":{"rendered":"<div class=\"prd_module prd_module--noLine prd_detailShortInfo\">\n<h2 class=\"prd_detailShortInfo__headline\">Artikelbeschreibung<\/h2>\n<\/div>\n<div class=\"prd_module prd_module--noLine prd_sellingPoints js_prd_sellingPoints\"><\/div>\n<div id=\"description\" class=\"prd_module prd_module--noLine prd_module--largeGap prd_description js_prd_description\">\n<div class=\"prd_moreBox js_prd_moreBox\" data-scrollto=\"#articleNr\">\n<div class=\"js_prd_moreBox__contentWrapper prd_moreBox__contentWrapper prd_moreBox__contentWrapper--largeGradient\">\n<div class=\"prd_moreBox__content js_prd_moreBox__content\">wundersch\u00f6ne Strickjacke &#8211; Einheitsgr\u00f6\u00dfe tragbar bis Gr\u00f6\u00dfe 46<\/div>\n<\/div>\n<\/div>\n<\/div>\n","protected":false},"featured_media":888,"template":"","meta":[],"product_cat":[154],"product_tag":[156,186,177,175,176],"_links":{"self":[{"href":"http:\/\/tanjas-shop.de\/index.php?rest_route=\/wp\/v2\/product\/910"}],"collection":[{"href":"http:\/\/tanjas-shop.de\/index.php?rest_route=\/wp\/v2\/product"}],"about":[{"href":"http:\/\/tanjas-shop.de\/index.php?rest_route=\/wp\/v2\/types\/product"}],"wp:featuredmedia":[{"embeddable":true,"href":"http:\/\/tanjas-shop.de\/index.php?rest_route=\/wp\/v2\/media\/888"}],"wp:attachment":[{"href":"http:\/\/tanjas-shop.de\/index.php?rest_route=%2Fwp%2Fv2%2Fmedia&parent=910"}],"wp:term":[{"taxonomy":"product_cat","embeddable":true,"href":"http:\/\/tanjas-shop.de\/index.php?rest_route=%2Fwp%2Fv2%2Fproduct_cat&post=910"},{"taxonomy":"product_tag","embeddable":true,"href":"http:\/\/tanjas-shop.de\/index.php?rest_route=%2Fwp%2Fv2%2Fproduct_tag&post=910"}],"curies":[{"name":"wp","href":"https:\/\/api.w.org\/{rel}","templated":true}]}}