{"id":909,"date":"2020-10-29T13:18:29","date_gmt":"2020-10-29T13:18:29","guid":{"rendered":"http:\/\/tanjas-shop.de\/?post_type=product&#038;p=909"},"modified":"2020-11-18T14:23:24","modified_gmt":"2020-11-18T14:23:24","slug":"strickjacke-lang-damen-rot-einheitsgroesse-02","status":"publish","type":"product","link":"http:\/\/tanjas-shop.de\/?product=strickjacke-lang-damen-rot-einheitsgroesse-02","title":{"rendered":"Mantel Damen lang"},"content":{"rendered":"<h5 class=\"prd_details__headline\" style=\"text-align: left;\">Details<\/h5>\n<div class=\"prd_moreBox js_prd_moreBox prd_moreBox--hasMore\" data-scrollto=\".js_prd_details\">\n<div class=\"js_prd_moreBox__contentWrapper prd_moreBox__contentWrapper prd_moreBox__contentWrapper--largeGradient\">\n<div class=\"prd_moreBox__content js_prd_moreBox__content\" lang=\"de\"><\/div>\n<\/div>\n<\/div>\n","protected":false},"excerpt":{"rendered":"<div class=\"prd_module prd_module--noLine prd_detailShortInfo\">\n<h2 class=\"prd_detailShortInfo__headline\">Artikelbeschreibung<\/h2>\n<p>leichter Mantel in der Farbe rot &#8211; kleine Gr\u00f6\u00dfe &#8211; tragbar bis Gr\u00f6\u00dfe 38<\/p>\n<\/div>\n<div id=\"description\" class=\"prd_module prd_module--noLine prd_module--largeGap prd_description js_prd_description\">\n<div class=\"prd_moreBox js_prd_moreBox\" data-scrollto=\"#articleNr\">\n<div class=\"js_prd_moreBox__contentWrapper prd_moreBox__contentWrapper prd_moreBox__contentWrapper--largeGradient\">\n<div class=\"prd_moreBox__content js_prd_moreBox__content\"><\/div>\n<\/div>\n<\/div>\n<\/div>\n","protected":false},"featured_media":887,"template":"","meta":[],"product_cat":[154],"product_tag":[156,186,182,175,176],"_links":{"self":[{"href":"http:\/\/tanjas-shop.de\/index.php?rest_route=\/wp\/v2\/product\/909"}],"collection":[{"href":"http:\/\/tanjas-shop.de\/index.php?rest_route=\/wp\/v2\/product"}],"about":[{"href":"http:\/\/tanjas-shop.de\/index.php?rest_route=\/wp\/v2\/types\/product"}],"wp:featuredmedia":[{"embeddable":true,"href":"http:\/\/tanjas-shop.de\/index.php?rest_route=\/wp\/v2\/media\/887"}],"wp:attachment":[{"href":"http:\/\/tanjas-shop.de\/index.php?rest_route=%2Fwp%2Fv2%2Fmedia&parent=909"}],"wp:term":[{"taxonomy":"product_cat","embeddable":true,"href":"http:\/\/tanjas-shop.de\/index.php?rest_route=%2Fwp%2Fv2%2Fproduct_cat&post=909"},{"taxonomy":"product_tag","embeddable":true,"href":"http:\/\/tanjas-shop.de\/index.php?rest_route=%2Fwp%2Fv2%2Fproduct_tag&post=909"}],"curies":[{"name":"wp","href":"https:\/\/api.w.org\/{rel}","templated":true}]}}