{"id":907,"date":"2020-10-29T13:16:15","date_gmt":"2020-10-29T13:16:15","guid":{"rendered":"http:\/\/tanjas-shop.de\/?post_type=product&#038;p=907"},"modified":"2020-11-18T14:58:47","modified_gmt":"2020-11-18T14:58:47","slug":"strickweste-damen-weiss-einheitsgroesse-08","status":"publish","type":"product","link":"http:\/\/tanjas-shop.de\/?product=strickweste-damen-weiss-einheitsgroesse-08","title":{"rendered":"Strickweste Damen wei\u00df"},"content":{"rendered":"<h5 class=\"prd_details__headline\" style=\"text-align: left;\">Details<\/h5>\n<div class=\"prd_moreBox js_prd_moreBox prd_moreBox--hasMore\" data-scrollto=\".js_prd_details\">\n<div class=\"js_prd_moreBox__contentWrapper prd_moreBox__contentWrapper prd_moreBox__contentWrapper--largeGradient\">\n<div class=\"prd_moreBox__content js_prd_moreBox__content\" lang=\"de\"><\/div>\n<\/div>\n<\/div>\n","protected":false},"excerpt":{"rendered":"<div class=\"prd_module prd_module--noLine prd_detailShortInfo\">\n<h2 class=\"prd_detailShortInfo__headline\">Artikelbeschreibung<\/h2>\n<\/div>\n<div id=\"description\" class=\"prd_module prd_module--noLine prd_module--largeGap prd_description js_prd_description\">\n<div class=\"prd_moreBox js_prd_moreBox\" data-scrollto=\"#articleNr\">\n<div class=\"js_prd_moreBox__contentWrapper prd_moreBox__contentWrapper prd_moreBox__contentWrapper--largeGradient\">\n<div class=\"prd_moreBox__content js_prd_moreBox__content\">flauschige Strickjacke in wei\u00df tragbar bis Gr\u00f6\u00dfe 42<\/div>\n<\/div>\n<\/div>\n<\/div>\n","protected":false},"featured_media":900,"template":"","meta":[],"product_cat":[154],"product_tag":[156,175,185,176],"_links":{"self":[{"href":"http:\/\/tanjas-shop.de\/index.php?rest_route=\/wp\/v2\/product\/907"}],"collection":[{"href":"http:\/\/tanjas-shop.de\/index.php?rest_route=\/wp\/v2\/product"}],"about":[{"href":"http:\/\/tanjas-shop.de\/index.php?rest_route=\/wp\/v2\/types\/product"}],"wp:featuredmedia":[{"embeddable":true,"href":"http:\/\/tanjas-shop.de\/index.php?rest_route=\/wp\/v2\/media\/900"}],"wp:attachment":[{"href":"http:\/\/tanjas-shop.de\/index.php?rest_route=%2Fwp%2Fv2%2Fmedia&parent=907"}],"wp:term":[{"taxonomy":"product_cat","embeddable":true,"href":"http:\/\/tanjas-shop.de\/index.php?rest_route=%2Fwp%2Fv2%2Fproduct_cat&post=907"},{"taxonomy":"product_tag","embeddable":true,"href":"http:\/\/tanjas-shop.de\/index.php?rest_route=%2Fwp%2Fv2%2Fproduct_tag&post=907"}],"curies":[{"name":"wp","href":"https:\/\/api.w.org\/{rel}","templated":true}]}}