{"id":903,"date":"2020-10-29T13:09:10","date_gmt":"2020-10-29T13:09:10","guid":{"rendered":"http:\/\/tanjas-shop.de\/?post_type=product&#038;p=903"},"modified":"2020-10-29T13:09:46","modified_gmt":"2020-10-29T13:09:46","slug":"strickweste-damen-rot-einheitsgroesse-04","status":"publish","type":"product","link":"http:\/\/tanjas-shop.de\/?product=strickweste-damen-rot-einheitsgroesse-04","title":{"rendered":"Strickweste Damen rot Einheitsgr\u00f6\u00dfe #04"},"content":{"rendered":"<h5 class=\"prd_details__headline\" style=\"text-align: left;\">Details<\/h5>\n<div class=\"prd_moreBox js_prd_moreBox prd_moreBox--hasMore\" data-scrollto=\".js_prd_details\">\n<div class=\"js_prd_moreBox__contentWrapper prd_moreBox__contentWrapper prd_moreBox__contentWrapper--largeGradient\">\n<div class=\"prd_moreBox__content js_prd_moreBox__content\" lang=\"de\">\n<table class=\"dv_characteristicsTable\">\n<tbody>\n<tr>\n<td class=\"left\">Gr\u00f6\u00dfe<\/td>\n<td>38 -44<\/td>\n<\/tr>\n<tr>\n<td class=\"left\">Gr\u00f6\u00dfentyp<\/td>\n<td>Einheitsgr\u00f6\u00dfe<\/td>\n<\/tr>\n<tr>\n<td class=\"left\">Materialzusammensetzung<\/td>\n<td>Obermaterial: 100% Viskose<\/td>\n<\/tr>\n<tr>\n<td class=\"left\">Materialart<\/td>\n<td>Web<\/td>\n<\/tr>\n<tr>\n<td class=\"left\">Pflegehinweise<\/td>\n<td>Maschinenw\u00e4sche<\/td>\n<\/tr>\n<tr>\n<td class=\"left\">Optik<\/td>\n<td>bedruckt<\/td>\n<\/tr>\n<tr>\n<td class=\"left\">Stil<\/td>\n<td>modisch<\/td>\n<\/tr>\n<tr>\n<td class=\"left\">Farbe<\/td>\n<td>schwarz, creme, bedruckt<\/td>\n<\/tr>\n<tr>\n<td class=\"left\">Ausschnitt<\/td>\n<td>V-Ausschnitt<\/td>\n<\/tr>\n<tr>\n<td class=\"left\">\u00c4rmel<\/td>\n<td>Langarm<\/td>\n<\/tr>\n<tr>\n<td class=\"left\">\u00c4rmelabschluss<\/td>\n<td>Volant<\/td>\n<\/tr>\n<tr>\n<td class=\"left\">Passform<\/td>\n<td>figurumspielend<\/td>\n<\/tr>\n<tr>\n<td class=\"left\">Schnittdetails<\/td>\n<td>Teilungsn\u00e4hte<\/td>\n<\/tr>\n<tr>\n<td class=\"left\">Schnittform L\u00e4nge<\/td>\n<td>kniefrei<\/td>\n<\/tr>\n<tr>\n<td class=\"left\">Besondere Merkmale<\/td>\n<td>mit dezentem Blumenprint<\/td>\n<\/tr>\n<tr>\n<td class=\"left\" style=\"text-align: left;\">R\u00fcckenl\u00e4nge<\/td>\n<td>\n<p style=\"text-align: left;\">ca. 84 cm<\/p>\n<\/td>\n<\/tr>\n<\/tbody>\n<\/table>\n<\/div>\n<\/div>\n<\/div>\n","protected":false},"excerpt":{"rendered":"<div class=\"prd_module prd_module--noLine prd_detailShortInfo\">\n<h2 class=\"prd_detailShortInfo__headline\">Artikelbeschreibung<\/h2>\n<div id=\"articleNr\" class=\"prd_detailShortInfo__articleNr js_prd_detailShortInfo__articleNr\" data-qa=\"articleNr\">Artikel-Nr. 3162052046<\/div>\n<\/div>\n<div class=\"js_prd_detailIconsTarget\" data-type=\"quality\"><\/div>\n<div class=\"js_prd_detailIconsTarget\" data-type=\"cut\"><\/div>\n<div class=\"prd_module prd_module--noLine prd_sellingPoints js_prd_sellingPoints\">\n<ul class=\"prd_unorderedList\">\n<li>V-Ausschnitt mit Blende<\/li>\n<li>Lange \u00c4rmel in weiter Form mit Volant<\/li>\n<li>Gestufte Eins\u00e4tze im Rockteil<\/li>\n<li>Allover bedruckt, jedes Teil ein Unikat<\/li>\n<li>Gewebte Viskose<\/li>\n<\/ul>\n<\/div>\n<div id=\"description\" class=\"prd_module prd_module--noLine prd_module--largeGap prd_description js_prd_description\">\n<div class=\"prd_moreBox js_prd_moreBox\" data-scrollto=\"#articleNr\">\n<div class=\"js_prd_moreBox__contentWrapper prd_moreBox__contentWrapper prd_moreBox__contentWrapper--largeGradient\">\n<div class=\"prd_moreBox__content js_prd_moreBox__content\">Bl\u00fcten, wohin man sehen kann: die Longbluse von Lascana stellt sich vor. Gewebte Viskose erweist sich gerade im Sommer durch seine angenehmen Trageeigenschaften als perfektes Material. \u00dcber und \u00fcber mit kleinen Bl\u00fcten und zarten \u00c4sten bedruckt, wird der figurumspielende Schnitt des Oberteils perfekt in Szene gesetzt. Lange \u00c4rmel mit Volants und gestufte Eins\u00e4tze im Rockteil machen das Oberteil wunderbar feminin. Durch den V-Ausschnitt erhascht man einen dezenten Blick auf dein sch\u00f6nes Dekollet\u00e9. Verf\u00fchrerisch! Dank der L\u00e4nge kannst du diese Longbluse von Lascana auch komplett ohne Hose oder Rock tragen. Sandalen und ein sch\u00f6ner Sommerhut reichen f\u00fcr einen tollen Look voll und ganz aus.<\/div>\n<\/div>\n<\/div>\n<\/div>\n","protected":false},"featured_media":883,"template":"","meta":[],"product_cat":[154],"product_tag":[156,182,175,176],"_links":{"self":[{"href":"http:\/\/tanjas-shop.de\/index.php?rest_route=\/wp\/v2\/product\/903"}],"collection":[{"href":"http:\/\/tanjas-shop.de\/index.php?rest_route=\/wp\/v2\/product"}],"about":[{"href":"http:\/\/tanjas-shop.de\/index.php?rest_route=\/wp\/v2\/types\/product"}],"wp:featuredmedia":[{"embeddable":true,"href":"http:\/\/tanjas-shop.de\/index.php?rest_route=\/wp\/v2\/media\/883"}],"wp:attachment":[{"href":"http:\/\/tanjas-shop.de\/index.php?rest_route=%2Fwp%2Fv2%2Fmedia&parent=903"}],"wp:term":[{"taxonomy":"product_cat","embeddable":true,"href":"http:\/\/tanjas-shop.de\/index.php?rest_route=%2Fwp%2Fv2%2Fproduct_cat&post=903"},{"taxonomy":"product_tag","embeddable":true,"href":"http:\/\/tanjas-shop.de\/index.php?rest_route=%2Fwp%2Fv2%2Fproduct_tag&post=903"}],"curies":[{"name":"wp","href":"https:\/\/api.w.org\/{rel}","templated":true}]}}