{"id":878,"date":"2020-10-29T12:23:39","date_gmt":"2020-10-29T12:23:39","guid":{"rendered":"http:\/\/tanjas-shop.de\/?post_type=product&#038;p=878"},"modified":"2020-10-29T12:24:07","modified_gmt":"2020-10-29T12:24:07","slug":"anhaenger-baerchen-02","status":"publish","type":"product","link":"http:\/\/tanjas-shop.de\/?product=anhaenger-baerchen-02","title":{"rendered":"Anh\u00e4nger B\u00e4rchen #02"},"content":{"rendered":"<p>Schl\u00fcsselanh\u00e4nger B\u00e4rchen<\/p>\n","protected":false},"excerpt":{"rendered":"<div class=\"product attribute description\">\n<div class=\"value\">\n<div>\n<div class=\"prd_module prd_module--noLine prd_detailShortInfo\">\n<p class=\"prd_detailShortInfo__headline\"><strong>Artikelbeschreibung<\/strong><\/p>\n<p id=\"articleNr\" class=\"prd_detailShortInfo__articleNr js_prd_detailShortInfo__articleNr\" data-qa=\"articleNr\">Artikel-Nr. 8627750253<\/p>\n<\/div>\n<div class=\"prd_module prd_module--noLine prd_sellingPoints js_prd_sellingPoints\">\n<ul class=\"prd_unorderedList\">\n<li>Interessante Herrensmartwatch<\/li>\n<li>Metallgeh\u00e4use, schwarz IP-beschichtet, \u00d8 ca. 43 mm<\/li>\n<li>Armband aus Edelstahl<\/li>\n<li>Kompatibel mit Android 5.1 (Lollipop), iOS 8<\/li>\n<li>Konnektivit\u00e4t: Bluetooth 4.0<\/li>\n<\/ul>\n<\/div>\n<\/div>\n<\/div>\n<\/div>\n","protected":false},"featured_media":811,"template":"","meta":[],"product_cat":[162],"product_tag":[163,173,172,174],"_links":{"self":[{"href":"http:\/\/tanjas-shop.de\/index.php?rest_route=\/wp\/v2\/product\/878"}],"collection":[{"href":"http:\/\/tanjas-shop.de\/index.php?rest_route=\/wp\/v2\/product"}],"about":[{"href":"http:\/\/tanjas-shop.de\/index.php?rest_route=\/wp\/v2\/types\/product"}],"wp:featuredmedia":[{"embeddable":true,"href":"http:\/\/tanjas-shop.de\/index.php?rest_route=\/wp\/v2\/media\/811"}],"wp:attachment":[{"href":"http:\/\/tanjas-shop.de\/index.php?rest_route=%2Fwp%2Fv2%2Fmedia&parent=878"}],"wp:term":[{"taxonomy":"product_cat","embeddable":true,"href":"http:\/\/tanjas-shop.de\/index.php?rest_route=%2Fwp%2Fv2%2Fproduct_cat&post=878"},{"taxonomy":"product_tag","embeddable":true,"href":"http:\/\/tanjas-shop.de\/index.php?rest_route=%2Fwp%2Fv2%2Fproduct_tag&post=878"}],"curies":[{"name":"wp","href":"https:\/\/api.w.org\/{rel}","templated":true}]}}